{"id":125,"date":"2015-01-20T16:07:52","date_gmt":"2015-01-20T16:07:52","guid":{"rendered":"http:\/\/www.cpge-brizeux.fr\/wordpress\/?page_id=125"},"modified":"2021-09-02T19:59:59","modified_gmt":"2021-09-02T19:59:59","slug":"portes-ouvertes","status":"publish","type":"page","link":"https:\/\/www.cpge-brizeux.fr\/wordpress\/portes-ouvertes","title":{"rendered":"Journ\u00e9es portes ouvertes"},"content":{"rendered":"<p align=\"justify\">Les journ\u00e9es portes ouvertes sont l&rsquo;occasion de rencontrer professeurs et \u00e9tudiants et ainsi discuter plus concr\u00e8tement de leur vie quotidienne\u00a0: quantit\u00e9 de travail, gestion du sommeil, niveau d\u2019exigence dans les apprentissages, entraide entre \u00e9tudiants, projets professionnels. Les \u00e9changes se font naturellement tout au long de la visite, guid\u00e9e par des \u00e9tudiants. Les professeurs sont disponibles pour r\u00e9pondre \u00e0 toutes les questions. La visite permet de mieux se projeter dans le quotidien d&rsquo;une classe pr\u00e9paratoire, en d\u00e9couvrant laboratoires et salles de cours. Des visites de l&rsquo;internat sont \u00e9galement propos\u00e9es.<\/p>\n","protected":false},"excerpt":{"rendered":"<p>Les journ\u00e9es portes ouvertes sont l&rsquo;occasion de rencontrer professeurs et \u00e9tudiants et ainsi discuter plus concr\u00e8tement de leur vie quotidienne\u00a0: quantit\u00e9 de travail, gestion du sommeil, niveau d\u2019exigence dans les apprentissages, entraide entre \u00e9tudiants, projets professionnels. Les \u00e9changes se font&hellip;<\/p>\n<p class=\"more-link-p\"><a class=\"more-link\" href=\"https:\/\/www.cpge-brizeux.fr\/wordpress\/portes-ouvertes\">Read more &rarr;<\/a><\/p>\n","protected":false},"author":1,"featured_media":0,"parent":0,"menu_order":0,"comment_status":"closed","ping_status":"closed","template":"","meta":{"footnotes":""},"class_list":["post-125","page","type-page","status-publish","hentry"],"_links":{"self":[{"href":"https:\/\/www.cpge-brizeux.fr\/wordpress\/wp-json\/wp\/v2\/pages\/125","targetHints":{"allow":["GET"]}}],"collection":[{"href":"https:\/\/www.cpge-brizeux.fr\/wordpress\/wp-json\/wp\/v2\/pages"}],"about":[{"href":"https:\/\/www.cpge-brizeux.fr\/wordpress\/wp-json\/wp\/v2\/types\/page"}],"author":[{"embeddable":true,"href":"https:\/\/www.cpge-brizeux.fr\/wordpress\/wp-json\/wp\/v2\/users\/1"}],"replies":[{"embeddable":true,"href":"https:\/\/www.cpge-brizeux.fr\/wordpress\/wp-json\/wp\/v2\/comments?post=125"}],"version-history":[{"count":37,"href":"https:\/\/www.cpge-brizeux.fr\/wordpress\/wp-json\/wp\/v2\/pages\/125\/revisions"}],"predecessor-version":[{"id":25827,"href":"https:\/\/www.cpge-brizeux.fr\/wordpress\/wp-json\/wp\/v2\/pages\/125\/revisions\/25827"}],"wp:attachment":[{"href":"https:\/\/www.cpge-brizeux.fr\/wordpress\/wp-json\/wp\/v2\/media?parent=125"}],"curies":[{"name":"wp","href":"https:\/\/api.w.org\/{rel}","templated":true}]}}