{"id":30103,"date":"2023-08-20T16:44:58","date_gmt":"2023-08-20T14:44:58","guid":{"rendered":"https:\/\/www.cpge-brizeux.fr\/wordpress\/?page_id=30103"},"modified":"2026-03-06T00:29:50","modified_gmt":"2026-03-05T22:29:50","slug":"bienvenue","status":"publish","type":"page","link":"https:\/\/www.cpge-brizeux.fr\/wordpress\/","title":{"rendered":""},"content":{"rendered":"<p>Soyez les bienvenus sur le site de notre classe pr\u00e9pa de proximit\u00e9, bas\u00e9e au lyc\u00e9e Brizeux \u00e0 Quimper ! Nous esp\u00e9rons que vous trouverez les informations que vous recherchez, dans le cas contraire n&rsquo;h\u00e9sitez pas \u00e0 nous contacter.<\/p>\n<h3 class=\"western\"><span style=\"font-size: medium;\">Notre structure<\/span><\/h3>\n<p style=\"text-align: justify;\">Ouverte depuis 1996, notre structure se compose d&rsquo;une classe de premi\u00e8re ann\u00e9e (<strong>PCSI<\/strong>\u00a0: Physique Chimie Sciences de l\u2019Ing\u00e9nieur) et de deux classes de deuxi\u00e8me ann\u00e9e (<strong>PC<\/strong> : Physique Chimie et <strong>PSI<\/strong> : Physique Sciences de l\u2019Ing\u00e9nieur).<\/p>\n<p align=\"justify\"><a href=\"http:\/\/www.cpge-brizeux.fr\/wordpress\/notre-structure\">En savoir plus&#8230;<\/a><\/p>\n<h3 class=\"western\"><span style=\"font-size: medium;\">Nos valeurs<\/span><\/h3>\n<p style=\"text-align: justify;\">L&rsquo;entr\u00e9e dans l&rsquo;enseignement sup\u00e9rieur peut \u00eatre une transition d\u00e9licate. Nous veillons \u00e0 ce que le parcours dans notre formation soit v\u00e9cu de la meilleure mani\u00e8re possible, gr\u00e2ce \u00e0 notre accompagnement.<\/p>\n<p align=\"justify\"><a href=\"http:\/\/www.cpge-brizeux.fr\/wordpress\/nos-valeurs\">En savoir plus&#8230;<\/a><\/p>\n<h3 class=\"western\"><span style=\"font-size: medium;\">Notre partenariat<\/span><\/h3>\n<p style=\"text-align: justify;\">Depuis la rentr\u00e9e 2023 nous avons le grand plaisir d&rsquo;avoir un partenariat avec l&rsquo;ENSSAT, \u00e9cole d&rsquo;ing\u00e9nieurs \u00e0 Lannion, pour offrir un parcours s\u00e9curis\u00e9 d&rsquo;int\u00e9gration vers les fili\u00e8res par apprentissage.<\/p>\n<p align=\"justify\"><a href=\"https:\/\/www.cpge-brizeux.fr\/wordpress\/enssat\">En savoir plus&#8230;<\/a><\/p>\n<h3 class=\"western\"><span style=\"font-size: medium;\">Notre \u00e9quipe<\/span><\/h3>\n<p style=\"text-align: justify;\">Nous sommes une \u00e9quipe p\u00e9dagogique exp\u00e9riment\u00e9e, constitu\u00e9e de professeurs agr\u00e9g\u00e9s, normaliens et\/ou docteurs pour la plupart, et membres de jury de concours.<\/p>\n<p align=\"justify\"><a href=\"http:\/\/www.cpge-brizeux.fr\/wordpress\/notre-equipe\">En savoir plus&#8230;<\/a><\/p>\n<h3 class=\"western\"><span style=\"font-size: medium;\">Nos alumni<\/span><\/h3>\n<p style=\"text-align: justify;\">Nos anciennes et anciens \u00e9l\u00e8ves sont satisfaits de leurs parcours parmi nous, et partagent avec vous leurs t\u00e9moignages.<\/p>\n<p align=\"justify\"><a href=\"http:\/\/www.cpge-brizeux.fr\/wordpress\/nos-alumni-temoignages\">En savoir plus&#8230;<\/a><\/p>\n<h3 class=\"western\"><span style=\"font-size: medium;\">Notre recrutement<\/span><\/h3>\n<p style=\"text-align: justify;\">Nous s\u00e9lectionnons par la plateforme Parcoursup des \u00e9l\u00e8ves de terminale int\u00e9ress\u00e9s par les sciences, de profils scolaires vari\u00e9s, \u00e0 qui nous fournissons individuellement les outils pour r\u00e9ussir. Nous \u00e9tudions \u00e9galement chaque ann\u00e9e les candidatures d&rsquo;\u00e9tudiantes et d&rsquo;\u00e9tudiants effectuant une premi\u00e8re ann\u00e9e dans l&rsquo;enseignement sup\u00e9rieur.<\/p>\n<p align=\"justify\"><a href=\"http:\/\/www.cpge-brizeux.fr\/wordpress\/admission\">En savoir plus&#8230;<\/a><\/p>\n<h3 class=\"western\"><span style=\"font-size: medium;\">Nos r\u00e9sultats<\/span><\/h3>\n<p style=\"text-align: justify;\">Notre objectif principal est la r\u00e9alisation du projet de chacun de nos \u00e9l\u00e8ves, projet construit ensemble au cours de la scolarit\u00e9 en CPGE. Et en pratique, nous y parvenons pour la quasi-totalit\u00e9 d&rsquo;entre eux.<\/p>\n<p align=\"justify\"><a href=\"http:\/\/www.cpge-brizeux.fr\/wordpress\/nos-resultats\">En savoir plus&#8230;<\/a><\/p>\n<h3 class=\"western\"><span style=\"font-size: medium;\">Nous rencontrer<\/span><\/h3>\n<p style=\"text-align: justify;\">Vous souhaitez en savoir encore plus ? Nous sommes pr\u00e9sents dans les lyc\u00e9es et les salons d&rsquo;orientation, nous pouvons vous accueillir en immersion, nous organisons des Portes Ouvertes et un salon des Grandes Ecoles.<\/p>\n<p align=\"justify\"><a href=\"http:\/\/www.cpge-brizeux.fr\/wordpress\/nous-rencontrer\">En savoir plus&#8230;<\/a><\/p>\n","protected":false},"excerpt":{"rendered":"<p>Soyez les bienvenus sur le site de notre classe pr\u00e9pa de proximit\u00e9, bas\u00e9e au lyc\u00e9e Brizeux \u00e0 Quimper ! Nous esp\u00e9rons que vous trouverez les informations que vous recherchez, dans le cas contraire n&rsquo;h\u00e9sitez pas \u00e0 nous contacter. Notre structure&hellip;<\/p>\n<p class=\"more-link-p\"><a class=\"more-link\" href=\"https:\/\/www.cpge-brizeux.fr\/wordpress\/\">Read more &rarr;<\/a><\/p>\n","protected":false},"author":11,"featured_media":0,"parent":0,"menu_order":0,"comment_status":"closed","ping_status":"closed","template":"","meta":{"footnotes":""},"class_list":["post-30103","page","type-page","status-publish","hentry"],"_links":{"self":[{"href":"https:\/\/www.cpge-brizeux.fr\/wordpress\/wp-json\/wp\/v2\/pages\/30103","targetHints":{"allow":["GET"]}}],"collection":[{"href":"https:\/\/www.cpge-brizeux.fr\/wordpress\/wp-json\/wp\/v2\/pages"}],"about":[{"href":"https:\/\/www.cpge-brizeux.fr\/wordpress\/wp-json\/wp\/v2\/types\/page"}],"author":[{"embeddable":true,"href":"https:\/\/www.cpge-brizeux.fr\/wordpress\/wp-json\/wp\/v2\/users\/11"}],"replies":[{"embeddable":true,"href":"https:\/\/www.cpge-brizeux.fr\/wordpress\/wp-json\/wp\/v2\/comments?post=30103"}],"version-history":[{"count":31,"href":"https:\/\/www.cpge-brizeux.fr\/wordpress\/wp-json\/wp\/v2\/pages\/30103\/revisions"}],"predecessor-version":[{"id":38226,"href":"https:\/\/www.cpge-brizeux.fr\/wordpress\/wp-json\/wp\/v2\/pages\/30103\/revisions\/38226"}],"wp:attachment":[{"href":"https:\/\/www.cpge-brizeux.fr\/wordpress\/wp-json\/wp\/v2\/media?parent=30103"}],"curies":[{"name":"wp","href":"https:\/\/api.w.org\/{rel}","templated":true}]}}