{"id":30111,"date":"2023-08-20T21:19:53","date_gmt":"2023-08-20T19:19:53","guid":{"rendered":"https:\/\/www.cpge-brizeux.fr\/wordpress\/?page_id=30111"},"modified":"2023-08-22T10:56:46","modified_gmt":"2023-08-22T08:56:46","slug":"nous-rencontrer","status":"publish","type":"page","link":"https:\/\/www.cpge-brizeux.fr\/wordpress\/nous-rencontrer","title":{"rendered":"Nous rencontrer"},"content":{"rendered":"<p style=\"text-align: justify;\">Nous savons que la construction d&rsquo;un projet d&rsquo;orientation ou l&rsquo;enjeu de la r\u00e9ussite scolaire peuvent \u00eatre sources de stress, et sommes convaincus que l&rsquo;\u00e9change est la meilleure mani\u00e8re de le dissiper. Nous menons donc un certain nombre d&rsquo;actions pour que lyc\u00e9ennes, lyc\u00e9ens et leurs parents, puissent s&rsquo;informer de la mani\u00e8re la plus pr\u00e9cise et la plus exacte sur le contenu de notre formation, loin des clich\u00e9s et id\u00e9es re\u00e7ues.\n<\/p>\n<h3>Visites dans les lyc\u00e9es et salons d&rsquo;orientation<\/h3>\n<p style=\"text-align: justify;\">\nNous nous rendons chaque ann\u00e9e dans les lyc\u00e9es du sud Finist\u00e8re volontaires afin de rencontrer les \u00e9l\u00e8ves des classes de premi\u00e8re et\/ou de terminale (selon les \u00e9tablissements) susceptibles d&rsquo;\u00eatre int\u00e9ress\u00e9s par notre formation. Le format varie selon l&rsquo;\u00e9tablissement : pr\u00e9sentation en salle de 30 min \u00e0 1h ou participation \u00e0 une journ\u00e9e consacr\u00e9e \u00e0 l&rsquo;orientation. Si nous ne sommes pas venus vous voir, n&rsquo;h\u00e9sitez pas \u00e0 nous \u00e9crire afin que nous puissions y rem\u00e9dier, \u00e0 l&rsquo;adresse contact arobase cpge-brizeux.fr .\n<\/p>\n<p style=\"text-align: justify;\">\nNous sommes aussi pr\u00e9sents sur les salons d&rsquo;orientation du Finist\u00e8re : salon Studyrama \u00e0 Quimper en novembre, et salon Azimut \u00e0 Brest en janvier. Un ou deux membres de l&rsquo;\u00e9quipe p\u00e9dagogique sont alors disponibles pour r\u00e9pondre \u00e0 toutes vos questions et vous conseiller au mieux selon votre projet.\n<\/p>\n<h3>Immersions<\/h3>\n<p style=\"text-align: justify;\">\nNous organisons des demi-journ\u00e9es d&rsquo;immersion dans nos classes pour les lyc\u00e9ennes et lyc\u00e9ens qui en font la demande. Selon les cas cela peut \u00eatre g\u00e9r\u00e9 directement par votre lyc\u00e9e d&rsquo;origine, et individuellement en nous contactant \u00e0 l&rsquo;adresse immersions arobase cpge-brizeux.fr . Durant cette demi-journ\u00e9e, vous assistez \u00e0 des s\u00e9ances de cours, TD, TP ou TIPE selon les emplois du temps des \u00e9l\u00e8ves de CPGE. Un temps d&rsquo;accueil est pr\u00e9vu au d\u00e9but, et un temps d&rsquo;\u00e9changes \u00e0 la fin. Il est \u00e9galement possible d&rsquo;\u00e9changer avec nos \u00e9tudiantes et \u00e9tudiants. Ces demi-journ\u00e9es permettent de bien imaginer en quoi consiste une scolarit\u00e9 en pr\u00e9pa, de lever certains pr\u00e9jug\u00e9s, et de conna\u00eetre les sp\u00e9cificit\u00e9s de notre \u00e9tablissement.\n<\/p>\n<h3>Journ\u00e9es Portes Ouvertes<\/h3>\n<p style=\"text-align: justify;\">\nLors de nos Portes Ouvertes, vous \u00eates accueillis par des \u00e9tudiantes et \u00e9tudiants de CPGE, qui vous feront d\u00e9couvrir leurs conditions d&rsquo;\u00e9tudes, avec visite des locaux (salles de cours et de travaux pratiques) et \u00e9changes sur leur vie quotidienne. Une visite de l&rsquo;internat est \u00e9galement propos\u00e9e. Des conf\u00e9rences peuvent \u00e9galement avoir lieu. Pour conna\u00eetre la date et le contenu de nos prochaines portes ouvertes, consultez la rubrique <a href=\"https:\/\/www.cpge-brizeux.fr\/wordpress\/category\/actualites\">actualit\u00e9s<\/a> du site et nos r\u00e9seaux sociaux (<a href=\"https:\/\/www.instagram.com\/cpge_brizeux\/\">Insta<\/a> et <a href=\"https:\/\/twitter.com\/cpge_brizeux\">Twitter \/ X<\/a>). Habituellement nous organisons une session autour de la Toussaint, et une autre en f\u00e9vrier.\n<\/p>\n<h3>Salon des Grandes Ecoles<\/h3>\n<p style=\"text-align: justify;\">\nChaque ann\u00e9e en novembre ou d\u00e9cembre se d\u00e9roule au lyc\u00e9e le Salon des Grandes Ecoles, dans lequel des \u00e9coles accessibles apr\u00e8s une CPGE scientifique sont pr\u00e9sentes. Les stands sont g\u00e9n\u00e9ralement tenus par les anciennes et anciens \u00e9l\u00e8ves des CPGE du lyc\u00e9e Brizeux, qui peuvent alors vous faire partager leur exp\u00e9rience. Temps fort du salon, deux alumni ayant plusieurs ann\u00e9es d&rsquo;exp\u00e9rience professionnelle viennent aussi partager leur parcours. Retrouvez le contenu des salons pr\u00e9c\u00e9dents <a href=\"https:\/\/www.cpge-brizeux.fr\/wordpress\/divers\/salons-des-annees-precedentes.html\">ici<\/a>.\n<\/p>\n<h3>Echanges individuels<\/h3>\n<p style=\"text-align: justify;\">\nNous r\u00e9pondons aussi aux demandes d&rsquo;entretiens individuels. Pour nous contacter, vous pouvez nous \u00e9crire un courriel \u00e0 l&rsquo;adresse contact arobase cpge-brizeux.fr ou appeler la scolarit\u00e9 du lyc\u00e9e Brizeux au 02 98 55 38 47. Pour se rendre sur place ensuite :<br \/>\nLyc\u00e9e Auguste Brizeux<br \/>\n6 rue Bourg les Bourgs<br \/>\n29191 Quimper\n<\/p>\n<p style=\"text-align: justify;\">\nSi vous souhaitez candidater en deuxi\u00e8me ann\u00e9e PC ou PSI, merci de lire <a href=\"http:\/\/www.cpge-brizeux.fr\/wordpress\/admission\">cette page<\/a>.\n<\/p>\n<p style=\"text-align: justify;\">\nSi vous souhaitez entrer en contact avec un intervenant en particulier des CPGE Brizeux, vous pouvez le joindre \u00e0 son adresse au format p.nom@cpge-brizeux.fr, p \u00e9tant l&rsquo;initiale (ou les initiales) du pr\u00e9nom. La liste des intervenants est <a href=\"http:\/\/www.cpge-brizeux.fr\/wordpress\/professeurs\">ici<\/a>.<\/p>\n","protected":false},"excerpt":{"rendered":"<p>Nous savons que la construction d&rsquo;un projet d&rsquo;orientation ou l&rsquo;enjeu de la r\u00e9ussite scolaire peuvent \u00eatre sources de stress, et sommes convaincus que l&rsquo;\u00e9change est la meilleure mani\u00e8re de le dissiper. Nous menons donc un certain nombre d&rsquo;actions pour que&hellip;<\/p>\n<p class=\"more-link-p\"><a class=\"more-link\" href=\"https:\/\/www.cpge-brizeux.fr\/wordpress\/nous-rencontrer\">Read more &rarr;<\/a><\/p>\n","protected":false},"author":11,"featured_media":0,"parent":0,"menu_order":0,"comment_status":"closed","ping_status":"closed","template":"","meta":{"footnotes":""},"class_list":["post-30111","page","type-page","status-publish","hentry"],"_links":{"self":[{"href":"https:\/\/www.cpge-brizeux.fr\/wordpress\/wp-json\/wp\/v2\/pages\/30111","targetHints":{"allow":["GET"]}}],"collection":[{"href":"https:\/\/www.cpge-brizeux.fr\/wordpress\/wp-json\/wp\/v2\/pages"}],"about":[{"href":"https:\/\/www.cpge-brizeux.fr\/wordpress\/wp-json\/wp\/v2\/types\/page"}],"author":[{"embeddable":true,"href":"https:\/\/www.cpge-brizeux.fr\/wordpress\/wp-json\/wp\/v2\/users\/11"}],"replies":[{"embeddable":true,"href":"https:\/\/www.cpge-brizeux.fr\/wordpress\/wp-json\/wp\/v2\/comments?post=30111"}],"version-history":[{"count":5,"href":"https:\/\/www.cpge-brizeux.fr\/wordpress\/wp-json\/wp\/v2\/pages\/30111\/revisions"}],"predecessor-version":[{"id":30156,"href":"https:\/\/www.cpge-brizeux.fr\/wordpress\/wp-json\/wp\/v2\/pages\/30111\/revisions\/30156"}],"wp:attachment":[{"href":"https:\/\/www.cpge-brizeux.fr\/wordpress\/wp-json\/wp\/v2\/media?parent=30111"}],"curies":[{"name":"wp","href":"https:\/\/api.w.org\/{rel}","templated":true}]}}