{"id":30116,"date":"2023-08-20T21:22:37","date_gmt":"2023-08-20T19:22:37","guid":{"rendered":"https:\/\/www.cpge-brizeux.fr\/wordpress\/?page_id=30116"},"modified":"2025-12-16T21:15:00","modified_gmt":"2025-12-16T19:15:00","slug":"notre-equipe","status":"publish","type":"page","link":"https:\/\/www.cpge-brizeux.fr\/wordpress\/notre-equipe","title":{"rendered":"Notre \u00e9quipe"},"content":{"rendered":"<p style=\"text-align: justify;\">L&rsquo;\u00e9quipe enseignante des CPGE du lyc\u00e9e Brizeux est constitu\u00e9e de professeurs agr\u00e9g\u00e9s, souvent normaliens et\/ou docteurs et membres de jurys de concours.<\/p>\n<p><strong>Math\u00e9matiques<\/strong><br \/>\nK. COMMAULT, PCSI<br \/>\nM. ROGER, PC<br \/>\nD. ZAROUF, PSI<br \/>\nG. LE BOURHIS, Interrogateur<br \/>\nL. LE GUENNEC, Interrogatrice<br \/>\nS. MOREAU, Interrogateur<br \/>\nF. TYMEN, Interrogateur<br \/>\nA. ZAROUF, Interrogateur<\/p>\n<p><strong>Physique<\/strong><br \/>\nS. SMOLEVSKY, PCSI<br \/>\nD. BARO, PC<br \/>\nG. BLOT-TEYSSEDRE, PSI<br \/>\nO. BOINOT, Interrogateur<\/p>\n<p><strong>Chimie<\/strong><br \/>\nT. RIBEYRE-STECKI, PCSI et PC<br \/>\nG. BLOT-TEYSSEDRE, PSI<br \/>\nC. BERGOT, Interrogatrice<br \/>\nE. MARTINAND-LURIN, Interrogatrice<br \/>\nR. ROUSSEAU, Interrogateur<\/p>\n<p><strong>Informatique<\/strong><br \/>\nV. RAFIK, PCSI et PSI<br \/>\nM. ROGER, PC<br \/>\nD. BARO, TP PC<br \/>\nC. LARNICOL, TP PCSI<br \/>\nF. TYMEN, TP PCSI et PSI<\/p>\n<p><strong>Sciences Industrielles de l&rsquo;Ing\u00e9nieur<\/strong><br \/>\nV. RAFIK, PCSI<br \/>\nM. SALETTE, PSI<\/p>\n<p><strong>Lettres-Philosophie<\/strong><br \/>\nJ. BREHANNIER, Toutes fili\u00e8res<br \/>\nF.-J. BRINCARD, Interrogateur<br \/>\nC. FAVE, Interrogatrice<\/p>\n<p><strong>Langues vivantes<\/strong><br \/>\nA. CHRISTIEN, LVA Anglais, toutes fili\u00e8res<br \/>\nN. CHARTRAIN, LVB Allemand, toutes fili\u00e8res<br \/>\nG. EMELYANOFF, LVB Espagnol, toutes fili\u00e8res<br \/>\nM. DESPRE, Anglais, Interrogatrice<br \/>\nG. LE GOFF, Anglais, Interrogatrice<br \/>\nA. MOYOU, Anglais, Interrogateur<br \/>\nM. SEZNEC, Anglais, Interrogatrice<\/p>\n<p><strong>Proviseure<\/strong><br \/>\nC. MORISSON<\/p>\n<p><strong>Proviseure adjointe<\/strong><br \/>\nC. REINIER<\/p>\n<p><strong>CPE<\/strong><br \/>\nE. KERDAVID<\/p>\n<p>M.-P. PICHAVANT<\/p>\n<p><strong>Technicienne de laboratoire<\/strong><br \/>\nM. DUBRAY<\/p>\n","protected":false},"excerpt":{"rendered":"<p>L&rsquo;\u00e9quipe enseignante des CPGE du lyc\u00e9e Brizeux est constitu\u00e9e de professeurs agr\u00e9g\u00e9s, souvent normaliens et\/ou docteurs et membres de jurys de concours. Math\u00e9matiques K. COMMAULT, PCSI M. ROGER, PC D. ZAROUF, PSI G. LE BOURHIS, Interrogateur L. LE GUENNEC, Interrogatrice&hellip;<\/p>\n<p class=\"more-link-p\"><a class=\"more-link\" href=\"https:\/\/www.cpge-brizeux.fr\/wordpress\/notre-equipe\">Read more &rarr;<\/a><\/p>\n","protected":false},"author":11,"featured_media":0,"parent":0,"menu_order":0,"comment_status":"closed","ping_status":"closed","template":"","meta":{"footnotes":""},"class_list":["post-30116","page","type-page","status-publish","hentry"],"_links":{"self":[{"href":"https:\/\/www.cpge-brizeux.fr\/wordpress\/wp-json\/wp\/v2\/pages\/30116","targetHints":{"allow":["GET"]}}],"collection":[{"href":"https:\/\/www.cpge-brizeux.fr\/wordpress\/wp-json\/wp\/v2\/pages"}],"about":[{"href":"https:\/\/www.cpge-brizeux.fr\/wordpress\/wp-json\/wp\/v2\/types\/page"}],"author":[{"embeddable":true,"href":"https:\/\/www.cpge-brizeux.fr\/wordpress\/wp-json\/wp\/v2\/users\/11"}],"replies":[{"embeddable":true,"href":"https:\/\/www.cpge-brizeux.fr\/wordpress\/wp-json\/wp\/v2\/comments?post=30116"}],"version-history":[{"count":9,"href":"https:\/\/www.cpge-brizeux.fr\/wordpress\/wp-json\/wp\/v2\/pages\/30116\/revisions"}],"predecessor-version":[{"id":37610,"href":"https:\/\/www.cpge-brizeux.fr\/wordpress\/wp-json\/wp\/v2\/pages\/30116\/revisions\/37610"}],"wp:attachment":[{"href":"https:\/\/www.cpge-brizeux.fr\/wordpress\/wp-json\/wp\/v2\/media?parent=30116"}],"curies":[{"name":"wp","href":"https:\/\/api.w.org\/{rel}","templated":true}]}}