{"id":30119,"date":"2023-08-20T21:33:53","date_gmt":"2023-08-20T19:33:53","guid":{"rendered":"https:\/\/www.cpge-brizeux.fr\/wordpress\/?page_id=30119"},"modified":"2023-09-02T11:40:26","modified_gmt":"2023-09-02T09:40:26","slug":"nos-alumni-temoignages","status":"publish","type":"page","link":"https:\/\/www.cpge-brizeux.fr\/wordpress\/nos-alumni-temoignages","title":{"rendered":"Nos anciens (t\u00e9moignages)"},"content":{"rendered":"<p style=\"text-align: justify;\">Nos \u00e9l\u00e8ves proviennent du sud Finist\u00e8re, mais aussi du reste de la Bretagne, voire de plus loin pour certaines et certains. Leur passage aux CPGE du lyc\u00e9e Brizeux a \u00e9t\u00e9 un moment important de leur scolarit\u00e9, et ils nous en font parfois part \u00e0 travers des t\u00e9moignages. Quelques-uns sont disponibles sur notre <a href=\"https:\/\/www.youtube.com\/@CPGE_Brizeux\">cha\u00eene YouTube<\/a> (avec plein d&rsquo;autres contenus !), abonnez-vous pour ne pas louper les prochaines publications :-).\n<\/p>\n<p><iframe loading=\"lazy\" width=\"560\" height=\"315\" src=\"https:\/\/www.youtube.com\/embed\/LrzJlQg_8WU\" title=\"YouTube video player\" frameborder=\"0\" allow=\"accelerometer; autoplay; clipboard-write; encrypted-media; gyroscope; picture-in-picture; web-share\" allowfullscreen><\/iframe><\/p>\n<p><iframe loading=\"lazy\" width=\"560\" height=\"315\" src=\"https:\/\/www.youtube.com\/embed\/qXpeDgucbes\" title=\"YouTube video player\" frameborder=\"0\" allow=\"accelerometer; autoplay; clipboard-write; encrypted-media; gyroscope; picture-in-picture; web-share\" allowfullscreen><\/iframe><\/p>\n<p><iframe loading=\"lazy\" width=\"560\" height=\"315\" src=\"https:\/\/www.youtube.com\/embed\/iOv2OYIfm-8\" title=\"YouTube video player\" frameborder=\"0\" allow=\"accelerometer; autoplay; clipboard-write; encrypted-media; gyroscope; picture-in-picture; web-share\" allowfullscreen><\/iframe><\/p>\n<p><iframe loading=\"lazy\" width=\"560\" height=\"315\" src=\"https:\/\/www.youtube.com\/embed\/zWbLekKF8lY\" title=\"YouTube video player\" frameborder=\"0\" allow=\"accelerometer; autoplay; clipboard-write; encrypted-media; gyroscope; picture-in-picture; web-share\" allowfullscreen><\/iframe><\/p>\n<p><iframe loading=\"lazy\" width=\"560\" height=\"315\" src=\"https:\/\/www.youtube.com\/embed\/KQhu5DgBM5Q\" title=\"YouTube video player\" frameborder=\"0\" allow=\"accelerometer; autoplay; clipboard-write; encrypted-media; gyroscope; picture-in-picture; web-share\" allowfullscreen><\/iframe><\/p>\n<p><iframe loading=\"lazy\" width=\"560\" height=\"315\" src=\"https:\/\/www.youtube.com\/embed\/O2J6vR6y9vc\" title=\"YouTube video player\" frameborder=\"0\" allow=\"accelerometer; autoplay; clipboard-write; encrypted-media; gyroscope; picture-in-picture; web-share\" allowfullscreen><\/iframe><\/p>\n<p><iframe loading=\"lazy\" width=\"560\" height=\"315\" src=\"https:\/\/www.youtube.com\/embed\/VhD9hpxYnDI\" title=\"YouTube video player\" frameborder=\"0\" allow=\"accelerometer; autoplay; clipboard-write; encrypted-media; gyroscope; picture-in-picture; web-share\" allowfullscreen><\/iframe><\/p>\n<p>Vous pouvez aussi retrouver quelques t\u00e9moignages plus anciens ci-dessous.<\/p>\n<p><a href=\"http:\/\/www.cpge-brizeux.fr\/wordpress\/wp-content\/uploads\/tem4.jpg\"><img loading=\"lazy\" decoding=\"async\" class=\"aligncenter wp-image-8804 size-large\" src=\"http:\/\/www.cpge-brizeux.fr\/wordpress\/wp-content\/uploads\/tem1-1024x266.jpg\" alt=\"tem1\" width=\"594\" height=\"154\" \/><img loading=\"lazy\" decoding=\"async\" class=\"aligncenter wp-image-8805 size-large\" src=\"http:\/\/www.cpge-brizeux.fr\/wordpress\/wp-content\/uploads\/tem2-1024x258.jpg\" alt=\"tem2\" width=\"594\" height=\"150\" \/><img loading=\"lazy\" decoding=\"async\" class=\"aligncenter wp-image-8806 size-large\" src=\"http:\/\/www.cpge-brizeux.fr\/wordpress\/wp-content\/uploads\/tem3-1024x262.jpg\" alt=\"tem3\" width=\"594\" height=\"152\" \/><img loading=\"lazy\" decoding=\"async\" class=\"aligncenter wp-image-8808 size-large\" src=\"http:\/\/www.cpge-brizeux.fr\/wordpress\/wp-content\/uploads\/tem4-1024x279.jpg\" alt=\"tem4\" width=\"594\" height=\"162\" \/><\/a><\/p>\n<p><a href=\"http:\/\/www.cpge-brizeux.fr\/wordpress\/divers\/autres-temoignages.html\">et sur ce lien<\/a>.<\/p>\n","protected":false},"excerpt":{"rendered":"<p>Nos \u00e9l\u00e8ves proviennent du sud Finist\u00e8re, mais aussi du reste de la Bretagne, voire de plus loin pour certaines et certains. Leur passage aux CPGE du lyc\u00e9e Brizeux a \u00e9t\u00e9 un moment important de leur scolarit\u00e9, et ils nous en&hellip;<\/p>\n<p class=\"more-link-p\"><a class=\"more-link\" href=\"https:\/\/www.cpge-brizeux.fr\/wordpress\/nos-alumni-temoignages\">Read more &rarr;<\/a><\/p>\n","protected":false},"author":11,"featured_media":0,"parent":0,"menu_order":0,"comment_status":"closed","ping_status":"closed","template":"","meta":{"footnotes":""},"class_list":["post-30119","page","type-page","status-publish","hentry"],"_links":{"self":[{"href":"https:\/\/www.cpge-brizeux.fr\/wordpress\/wp-json\/wp\/v2\/pages\/30119","targetHints":{"allow":["GET"]}}],"collection":[{"href":"https:\/\/www.cpge-brizeux.fr\/wordpress\/wp-json\/wp\/v2\/pages"}],"about":[{"href":"https:\/\/www.cpge-brizeux.fr\/wordpress\/wp-json\/wp\/v2\/types\/page"}],"author":[{"embeddable":true,"href":"https:\/\/www.cpge-brizeux.fr\/wordpress\/wp-json\/wp\/v2\/users\/11"}],"replies":[{"embeddable":true,"href":"https:\/\/www.cpge-brizeux.fr\/wordpress\/wp-json\/wp\/v2\/comments?post=30119"}],"version-history":[{"count":3,"href":"https:\/\/www.cpge-brizeux.fr\/wordpress\/wp-json\/wp\/v2\/pages\/30119\/revisions"}],"predecessor-version":[{"id":30181,"href":"https:\/\/www.cpge-brizeux.fr\/wordpress\/wp-json\/wp\/v2\/pages\/30119\/revisions\/30181"}],"wp:attachment":[{"href":"https:\/\/www.cpge-brizeux.fr\/wordpress\/wp-json\/wp\/v2\/media?parent=30119"}],"curies":[{"name":"wp","href":"https:\/\/api.w.org\/{rel}","templated":true}]}}