{"id":30132,"date":"2023-08-20T22:05:41","date_gmt":"2023-08-20T20:05:41","guid":{"rendered":"https:\/\/www.cpge-brizeux.fr\/wordpress\/?page_id=30132"},"modified":"2024-05-31T19:48:21","modified_gmt":"2024-05-31T17:48:21","slug":"nos-resultats","status":"publish","type":"page","link":"https:\/\/www.cpge-brizeux.fr\/wordpress\/nos-resultats","title":{"rendered":"Nos r\u00e9sultats"},"content":{"rendered":"<p style=\"text-align: justify;\">\nBons. Tr\u00e8s bons m\u00eame.\n<\/p>\n<p style=\"text-align: justify;\">\nBien s\u00fbr si vous regardez le classement de l&rsquo;\u00e9tudiant (ou un autre) vous n&rsquo;aurez pas cette impression car ces classements se focalisent sur l&rsquo;int\u00e9gration dans une liste limit\u00e9e (26) d&rsquo;\u00e9coles d&rsquo;ing\u00e9nieurs (assez prestigieuses, il va de soi).\n<\/p>\n<p style=\"text-align: justify;\">\nOr, il y a plus de 210 formations d&rsquo;ing\u00e9nieurs accr\u00e9dit\u00e9es actuellement en France ! Sans compter que certains de nos \u00e9l\u00e8ves souhaitent poursuivre leur scolarit\u00e9 \u00e0 l&rsquo;universit\u00e9 pour devenir enseignants (et nous en sommes ravis).\n<\/p>\n<p style=\"text-align: justify;\">\nPlus que des statistiques, ce sont donc les r\u00e9alisations des projets de nos \u00e9l\u00e8ves qui nous importent. Et nous en sommes tr\u00e8s satisfaits ! La tr\u00e8s grande majorit\u00e9 de nos \u00e9l\u00e8ves int\u00e8grent une \u00e9cole adapt\u00e9e \u00e0 leur profil et leurs envies.\n<\/p>\n<p style=\"text-align: justify;\">\nNous n&rsquo;effectuons pas de s\u00e9lection entre la premi\u00e8re et la deuxi\u00e8me ann\u00e9e (c&rsquo;est contraire \u00e0 <a href=\"https:\/\/www.cpge-brizeux.fr\/wordpress\/nos-valeurs\">nos valeurs<\/a>). La quasi-totalit\u00e9 (de l&rsquo;ordre de 95 %) de nos \u00e9l\u00e8ves de deuxi\u00e8me ann\u00e9e a une proposition d&rsquo;int\u00e9gration dans une \u00e9cole.\n<\/p>\n<p style=\"text-align: justify;\">\nUne fois votre dossier de candidature en CPGE accept\u00e9 dans notre \u00e9tablissement, vous avez la quasi-certitude d&rsquo;obtenir une \u00e9cole d&rsquo;ing\u00e9nieur en 2 ou 3 ans (il est possible de redoubler la deuxi\u00e8me ann\u00e9e pour \u00e9largir ses propositions d&rsquo;int\u00e9gration, c&rsquo;est le choix de quelques \u00e9l\u00e8ves chaque ann\u00e9e).\n<\/p>\n<p style=\"text-align: justify;\">\nConcernant la nature des concours r\u00e9ussis, la majorit\u00e9 des \u00e9l\u00e8ves aura une proposition sur les concours CCINP et e3a-Polytech. Quelques \u00e9l\u00e8ves ont des propositions sur les concours Centrale-Sup\u00e9lec ou Mines-T\u00e9l\u00e9com, \u00e9ventuellement Mines-Ponts, conform\u00e9ment au profil d&rsquo;entr\u00e9e de nos \u00e9l\u00e8ves, r\u00e9cemment certains ont int\u00e9gr\u00e9 Supaero ou Navale, par exemple.<\/p>\n","protected":false},"excerpt":{"rendered":"<p>Bons. Tr\u00e8s bons m\u00eame. Bien s\u00fbr si vous regardez le classement de l&rsquo;\u00e9tudiant (ou un autre) vous n&rsquo;aurez pas cette impression car ces classements se focalisent sur l&rsquo;int\u00e9gration dans une liste limit\u00e9e (26) d&rsquo;\u00e9coles d&rsquo;ing\u00e9nieurs (assez prestigieuses, il va de&hellip;<\/p>\n<p class=\"more-link-p\"><a class=\"more-link\" href=\"https:\/\/www.cpge-brizeux.fr\/wordpress\/nos-resultats\">Read more &rarr;<\/a><\/p>\n","protected":false},"author":11,"featured_media":0,"parent":0,"menu_order":0,"comment_status":"closed","ping_status":"closed","template":"","meta":{"footnotes":""},"class_list":["post-30132","page","type-page","status-publish","hentry"],"_links":{"self":[{"href":"https:\/\/www.cpge-brizeux.fr\/wordpress\/wp-json\/wp\/v2\/pages\/30132","targetHints":{"allow":["GET"]}}],"collection":[{"href":"https:\/\/www.cpge-brizeux.fr\/wordpress\/wp-json\/wp\/v2\/pages"}],"about":[{"href":"https:\/\/www.cpge-brizeux.fr\/wordpress\/wp-json\/wp\/v2\/types\/page"}],"author":[{"embeddable":true,"href":"https:\/\/www.cpge-brizeux.fr\/wordpress\/wp-json\/wp\/v2\/users\/11"}],"replies":[{"embeddable":true,"href":"https:\/\/www.cpge-brizeux.fr\/wordpress\/wp-json\/wp\/v2\/comments?post=30132"}],"version-history":[{"count":8,"href":"https:\/\/www.cpge-brizeux.fr\/wordpress\/wp-json\/wp\/v2\/pages\/30132\/revisions"}],"predecessor-version":[{"id":33054,"href":"https:\/\/www.cpge-brizeux.fr\/wordpress\/wp-json\/wp\/v2\/pages\/30132\/revisions\/33054"}],"wp:attachment":[{"href":"https:\/\/www.cpge-brizeux.fr\/wordpress\/wp-json\/wp\/v2\/media?parent=30132"}],"curies":[{"name":"wp","href":"https:\/\/api.w.org\/{rel}","templated":true}]}}