{"id":33366,"date":"2024-09-02T22:17:18","date_gmt":"2024-09-02T20:17:18","guid":{"rendered":"https:\/\/www.cpge-brizeux.fr\/wordpress\/?page_id=33366"},"modified":"2025-03-28T14:09:32","modified_gmt":"2025-03-28T12:09:32","slug":"physique-chimie-en-psi-2024-2025","status":"publish","type":"page","link":"https:\/\/www.cpge-brizeux.fr\/wordpress\/physique-chimie-en-psi-2024-2025","title":{"rendered":"Physique-Chimie en PSI"},"content":{"rendered":"<p>Les <b>cahiers d&rsquo;entrainement<\/b> de <a href='https:\/\/colasbd.github.io\/cde\/cahier_d_entrainement_PC_1.2.0.pdf'>PCSI<\/a> et de <a href='https:\/\/colasbd.github.io\/cde-2\/CdE_PC_2_PSI.pdf'>PSI<\/a> sont des outils efficaces pour travailler les comp\u00e9tences essentielles de chaque chapitre.<\/p>\n<h2>Programmes de colle<\/h2>\n<details>\n<summary>Programmes de colle des semaines pr\u00e9c\u00e9dentes<\/summary>\n<ul class=\"programmes-de-colle\">\n<li><a href=\"https:\/\/www.cpge-brizeux.fr\/wordpress\/wp-content\/uploads\/programme.pdf\">Semaine 1 &#8211; du 09\/09 au 13\/09<\/a><\/li>\n<li><a href=\"https:\/\/www.cpge-brizeux.fr\/wordpress\/wp-content\/uploads\/programme-1.pdf\">Semaine 2 &#8211; du 16\/09 au 20\/09<\/a><\/li>\n<li><a href=\"https:\/\/www.cpge-brizeux.fr\/wordpress\/wp-content\/uploads\/programme-2.pdf\">Semaine 3 &#8211; du 23\/09 au 27\/09<\/a><\/li>\n<li><a href=\"https:\/\/www.cpge-brizeux.fr\/wordpress\/wp-content\/uploads\/programme-3.pdf\">Semaine 4 &#8211; du 30\/09 au 04\/10<\/a><\/li>\n<li><a href=\"https:\/\/www.cpge-brizeux.fr\/wordpress\/wp-content\/uploads\/programme-4.pdf\">Semaine 5 &#8211; du 07\/10 au 11\/10<\/a><\/li>\n<li><a href=\"https:\/\/www.cpge-brizeux.fr\/wordpress\/wp-content\/uploads\/programme-5.pdf\">Semaine 6 &#8211; du 14\/10 au 18\/10<\/a><\/li>\n<li><a href=\"https:\/\/www.cpge-brizeux.fr\/wordpress\/wp-content\/uploads\/programme-6.pdf\">Semaine 7 &#8211; du 04\/11 au 08\/11<\/a><\/li>\n<li><a href=\"https:\/\/www.cpge-brizeux.fr\/wordpress\/wp-content\/uploads\/programme-7.pdf\">Semaine 8 &#8211; du 11\/11 au 15\/11<\/a><\/li>\n<li><a href=\"https:\/\/www.cpge-brizeux.fr\/wordpress\/wp-content\/uploads\/programme-8.pdf\">Semaine 9 &#8211; du 18\/11 au 22\/11<\/a><\/li>\n<li><a href=\"https:\/\/www.cpge-brizeux.fr\/wordpress\/wp-content\/uploads\/programme-8.pdf\">Semaine 10 &#8211; du 25\/11 au 29\/11 (idem semaine 9)<\/a><\/li>\n<li><a href=\"https:\/\/www.cpge-brizeux.fr\/wordpress\/wp-content\/uploads\/programme-9.pdf\">Semaine 11 &#8211; du 02\/12 au 06\/12<\/a><\/li>\n<li><a href=\"https:\/\/www.cpge-brizeux.fr\/wordpress\/wp-content\/uploads\/programme-10.pdf\">Semaine 12 &#8211; du 09\/12 au 13\/12<\/a><\/li>\n<li><a href=\"https:\/\/www.cpge-brizeux.fr\/wordpress\/wp-content\/uploads\/programme-12.pdf\">Semaine 13 &#8211; du 16\/12 au 20\/12<\/a><\/li>\n<li><a href=\"https:\/\/www.cpge-brizeux.fr\/wordpress\/wp-content\/uploads\/programme-11.pdf\">Semaine 14 &#8211; du 06\/01 au 10\/01<\/a><\/li>\n<li><a href=\"https:\/\/www.cpge-brizeux.fr\/wordpress\/wp-content\/uploads\/programme-13.pdf\">Semaine 15 &#8211; du 13\/01 au 17\/01<\/a><\/li>\n<li><a href=\"https:\/\/www.cpge-brizeux.fr\/wordpress\/wp-content\/uploads\/programme-14.pdf\">Semaine 16 &#8211; du 20\/01 au 24\/01<\/a><\/li>\n<li><a href=\"https:\/\/www.cpge-brizeux.fr\/wordpress\/wp-content\/uploads\/programme-15.pdf\">Semaine 17 &#8211; du 27\/01 au 31\/01<\/a><\/li>\n<li><a href=\"https:\/\/www.cpge-brizeux.fr\/wordpress\/wp-content\/uploads\/programme-16.pdf\">Semaine 18 &#8211; du 03\/02 au 07\/02<\/a><\/li>\n<li><a href=\"https:\/\/www.cpge-brizeux.fr\/wordpress\/wp-content\/uploads\/programme-17.pdf\">Semaine 19 &#8211; du 03\/03 au 07\/03<\/a><\/li>\n<li><a href=\"https:\/\/www.cpge-brizeux.fr\/wordpress\/wp-content\/uploads\/programme-18.pdf\">Semaine 20 &#8211; du 10\/03 au 14\/03<\/a><\/li>\n<li><a href=\"https:\/\/www.cpge-brizeux.fr\/wordpress\/wp-content\/uploads\/programme-19.pdf\">Semaine 21 &#8211; du 17\/03 au 21\/03<\/a><\/li>\n<\/ul>\n<\/details>\n<p><a href=\"https:\/\/www.cpge-brizeux.fr\/wordpress\/wp-content\/uploads\/programme-20.pdf\">Semaine 22 &#8211; du 24\/03 au 28\/03<\/a><\/p>\n<h2>Chapitres<\/h2>\n<ul>\n<li><a href='https:\/\/www.cpge-brizeux.fr\/wordpress\/psi\/physchim-psi-2425\/electronique-1-stabilite-des-systemes-lineaires.html'>\u00c9lectronique 1 \u2013 Stabilit\u00e9 des syst\u00e8mes lin\u00e9aires<\/a><\/li>\n<li><a href='https:\/\/www.cpge-brizeux.fr\/wordpress\/psi\/physchim-psi-2425\/electronique-2-retroaction.html'>\u00c9lectronique 2 \u2013 R\u00e9troaction<\/a><\/li>\n<li><a href='https:\/\/www.cpge-brizeux.fr\/wordpress\/psi\/physchim-psi-2425\/electronique-3-oscillateurs.html'>\u00c9lectronique 3 \u2013 Oscillateurs<\/a><\/li>\n<li><a href='https:\/\/www.cpge-brizeux.fr\/wordpress\/psi\/physchim-psi-2425\/electronique-5-modulation-demodulation.html'>\u00c9lectronique 5 &#8211; Modulation, d\u00e9modulation<\/a><\/li>\n<li><a href='https:\/\/www.cpge-brizeux.fr\/wordpress\/psi\/physchim-psi-2425\/electromagnetisme-1-champ-electrique-en-regime-stationnaire.html'>\u00c9lectromagn\u00e9tisme 1 &#8211; Champ \u00e9lectrique en r\u00e9gime stationnaire<\/a><\/li>\n<li><a href='https:\/\/www.cpge-brizeux.fr\/wordpress\/psi\/physchim-psi-2425\/electromagnetisme-2-champ-magnetique-en-regime-stationnaire.html'>\u00c9lectromagn\u00e9tisme 2 \u2013 Champ magn\u00e9tique en r\u00e9gime stationnaire<\/a><\/li>\n<li><a href='https:\/\/www.cpge-brizeux.fr\/wordpress\/psi\/physchim-psi-2425\/electromagnetisme-3-arqs-magnetique.html'>\u00c9lectromagn\u00e9tisme 3 \u2013 ARQS magn\u00e9tique<\/a><\/li>\n<li><a href='https:\/\/www.cpge-brizeux.fr\/wordpress\/psi\/physchim-psi-2425\/electromagnetisme-4-milieux-ferromagnetiques.html'>\u00c9lectromagn\u00e9tisme 4 \u2013 Milieux ferromagn\u00e9tiques<\/a><\/li>\n<li><a href='https:\/\/www.cpge-brizeux.fr\/wordpress\/psi\/physchim-psi-2425\/conversion-de-puissance-1-puissance-electrique-en-regime-sinusoidal.html'>Conversion de puissance 1 \u2013 Puissance \u00e9lectrique en r\u00e9gime sinuso\u00efdal<\/a><\/li>\n<li><a href='https:\/\/www.cpge-brizeux.fr\/wordpress\/psi\/physchim-psi-2425\/conversion-de-puissance-2-transformateur.html'>Conversion de puissance 2 \u2013 Transformateur<\/a><\/li>\n<li><a href='https:\/\/www.cpge-brizeux.fr\/wordpress\/psi\/physchim-psi-2425\/conversion-de-puissance-3-conversion-electro-magneto-mecanique.html'>Conversion de puissance 3 \u2013 Conversion \u00e9lectro-magn\u00e9to-m\u00e9canique<\/a><\/li>\n<li><a href='https:\/\/www.cpge-brizeux.fr\/wordpress\/psi\/physchim-psi-2425\/conversion-de-puissance-4-conversion-electronique-statique.html'>Conversion de puissance 4 \u2013 Conversion \u00e9lectronique statique<\/a><\/li>\n<li><a href='https:\/\/www.cpge-brizeux.fr\/wordpress\/psi\/physchim-psi-2425\/phenomenes-de-transport-1-transport-de-charge.html'>Ph\u00e9nom\u00e8nes de transport 1 \u2013 Transport de charge<\/a><\/li>\n<li><a href='https:\/\/www.cpge-brizeux.fr\/wordpress\/psi\/physchim-psi-2425\/phenomenes-de-transport-1-transfert-thermique-par-conduction.html'>Ph\u00e9nom\u00e8nes de transport 2 \u2013 Transfert thermique par conduction<\/a><\/li>\n<li><a href='https:\/\/www.cpge-brizeux.fr\/wordpress\/psi\/physchim-psi-2425\/phenomenes-de-transport-2-diffusion-de-particules.html'>Ph\u00e9nom\u00e8nes de transport 3 \u2013 Diffusion de particules<\/a><\/li>\n<li><a href='https:\/\/www.cpge-brizeux.fr\/wordpress\/psi\/physchim-psi-2425\/phenomenes-de-transport-4-fluide-en-ecoulement.html'>Ph\u00e9nom\u00e8nes de transport 4 \u2013 Fluide en \u00e9coulement<\/a><\/li>\n<li><a href='https:\/\/www.cpge-brizeux.fr\/wordpress\/psi\/physchim-psi-2425\/transformations-de-la-matiere-aspects-thermodynamiques-et-cinetiques-1-premier-principe-de-la-thermodynamique-applique-aux-transformations-physicochimiques.html'>Transformations de la mati\u00e8re : aspects thermodynamiques et cin\u00e9tiques 1 \u2013 Premier principe de la thermodynamique appliqu\u00e9 aux transformations physicochimiques<\/a><\/li>\n<li><a href='https:\/\/www.cpge-brizeux.fr\/wordpress\/psi\/physchim-psi-2425\/transformations-de-la-matiere-aspects-thermodynamiques-et-cinetiques-2-deuxieme-principe-de-la-thermodynamique-applique-aux-transformations-physico-chimiques.html'>Transformations de la mati\u00e8re : aspects thermodynamiques et cin\u00e9tiques 2 \u2013 Deuxi\u00e8me principe de la thermodynamique appliqu\u00e9 aux transformations physico-chimiques<\/a><\/li>\n<li><a href='https:\/\/www.cpge-brizeux.fr\/wordpress\/psi\/physchim-psi-2425\/transformations-de-la-matiere-aspects-thermodynamiques-et-cinetiques-3-procedes-industriels-continus-aspects-cinetiques-et-thermodynamiques.html'>Transformations de la mati\u00e8re : aspects thermodynamiques et cin\u00e9tiques 3 \u2013 Proc\u00e9d\u00e9s industriels continus : aspects cin\u00e9tiques et thermodynamiques<\/a><\/li>\n<li><a href='https:\/\/www.cpge-brizeux.fr\/wordpress\/psi\/physchim-psi-2425\/bilans-macroscopiques.html'>Bilans macroscopiques<\/a><\/li>\n<li><a href=https:\/\/www.cpge-brizeux.fr\/wordpress\/psi\/physchim-psi-2425\/physique-des-ondes-phenomenes-de-propagation-non-dispersifs-equation-de-dalembert.html'>Physique des ondes 1 \u2013 Ph\u00e9nom\u00e8nes de propagation non dispersifs : \u00e9quation de d\u2019Alembert<\/a><\/li>\n<li><a href='https:\/\/www.cpge-brizeux.fr\/wordpress\/psi\/physchim-psi-2425\/physique-des-ondes-2-phenomenes-de-propagation-lineaires-absorption-et-dispersion.html'>Physique des ondes 2 \u2013 Ph\u00e9nom\u00e8nes de propagation lin\u00e9aires : absorption et dispersion<\/a><\/li>\n<li><a href='https:\/\/www.cpge-brizeux.fr\/wordpress\/psi\/physchim-psi-2425\/physique-des-ondes-3-interfaces-entre-deux-milieux.html'>Physique des ondes 3 \u2013 Interfaces entre deux milieux<\/a><\/li>\n<li><a href='https:\/\/www.cpge-brizeux.fr\/wordpress\/psi\/physchim-psi-2425\/electrochimie.html'>\u00c9lectrochimie<\/a><\/li>\n<\/ul>\n<h2>Travaux pratiques<\/h2>\n<details>\n<summary>TP des semaines pr\u00e9c\u00e9dentes<\/summary>\n<ul>\n<li><a href=\"https:\/\/capytale2.ac-paris.fr\/web\/c\/0b24-1897301\">TP 1 &#8211; \u00c9chantillonnage et analyse spectrale<\/a><\/li>\n<li><a href=\"https:\/\/capytale2.ac-paris.fr\/web\/c\/50f5-1771068\">TP 2\/3 &#8211; Filtre de Wien<\/a><\/li>\n<li><a href=\"https:\/\/capytale2.ac-paris.fr\/web\/c\/0628-1771112\">TP 2\/3 &#8211; Amplificateur non-inverseur<\/a><\/li>\n<li><a href='https:\/\/capytale2.ac-paris.fr\/web\/c\/7b22-765344'>TP 4 &#8211; Oscillateur de Wien<\/a><\/li>\n<li><a href=\"https:\/\/capytale2.ac-paris.fr\/web\/c\/6f41-2027200\">TP 5 &#8211; Comparateur \u00e0 hyst\u00e9r\u00e9sis<\/a><\/li>\n<li><a href=\"https:\/\/capytale2.ac-paris.fr\/web\/c\/3cd3-804042\">TP 6 &#8211; Oscillateur \u00e0 relaxation<\/a><\/li>\n<li><a href='https:\/\/capytale2.ac-paris.fr\/web\/c\/81e8-846551'>TP 7 &#8211; Modulation en amplitude<\/a><\/li>\n<li><a href='https:\/\/capytale2.ac-paris.fr\/web\/c\/3199-1105810'>TP 8 &#8211; Filtrage num\u00e9rique<\/a><\/li>\n<li><a href='https:\/\/capytale2.ac-paris.fr\/web\/c\/49cc-2730445'> TP 9 &#8211; Transformateur<\/a><\/li>\n<li><a href='https:\/\/capytale2.ac-paris.fr\/web\/c\/8c4e-4912377'>TP 10 &#8211; Modulation de largeur d&rsquo;impulsion<\/a><\/li>\n<li><a href='https:\/\/capytale2.ac-paris.fr\/web\/c\/a0a7-2911615'>TP 11 &#8211; Hacheur<\/a><\/li>\n<li><a href='https:\/\/capytale2.ac-paris.fr\/web\/c\/e9f1-2853652'>TP 12 &#8211; Moteur \u00e0 courant continu<\/a><\/li>\n<li><a href='https:\/\/capytale2.ac-paris.fr\/web\/c\/aa33-2974259'>TP 13 &#8211; Redresseur<\/a><\/li>\n<li><a href='https:\/\/capytale2.ac-paris.fr\/web\/c\/dec5-1505532'>TP 14 &#8211; Loi de Malus<\/a><\/li>\n<li><a href='https:\/\/capytale2.ac-paris.fr\/web\/c\/a170-1065982'>TP 15 &#8211; Enthalpie de r\u00e9action<\/a><\/li>\n<li><a href='https:\/\/capytale2.ac-paris.fr\/web\/c\/ae14-3024108'>TP 16 &#8211; Tension \u00e0 vide et courbes i-E<\/a><\/li>\n<\/ul>\n<\/details>\n<p><a href='https:\/\/capytale2.ac-paris.fr\/web\/c\/c487-3270854'>TP 17 &#8211; Mesure de c\u00e9l\u00e9rit\u00e9<\/a><\/p>\n","protected":false},"excerpt":{"rendered":"<p>Les cahiers d&rsquo;entrainement de PCSI et de PSI sont des outils efficaces pour travailler les comp\u00e9tences essentielles de chaque chapitre. Programmes de colle Programmes de colle des semaines pr\u00e9c\u00e9dentes Semaine 1 &#8211; du 09\/09 au 13\/09 Semaine 2 &#8211; du&hellip;<\/p>\n<p class=\"more-link-p\"><a class=\"more-link\" href=\"https:\/\/www.cpge-brizeux.fr\/wordpress\/physique-chimie-en-psi-2024-2025\">Read more &rarr;<\/a><\/p>\n","protected":false},"author":26,"featured_media":0,"parent":0,"menu_order":0,"comment_status":"closed","ping_status":"closed","template":"","meta":{"footnotes":""},"class_list":["post-33366","page","type-page","status-publish","hentry"],"_links":{"self":[{"href":"https:\/\/www.cpge-brizeux.fr\/wordpress\/wp-json\/wp\/v2\/pages\/33366","targetHints":{"allow":["GET"]}}],"collection":[{"href":"https:\/\/www.cpge-brizeux.fr\/wordpress\/wp-json\/wp\/v2\/pages"}],"about":[{"href":"https:\/\/www.cpge-brizeux.fr\/wordpress\/wp-json\/wp\/v2\/types\/page"}],"author":[{"embeddable":true,"href":"https:\/\/www.cpge-brizeux.fr\/wordpress\/wp-json\/wp\/v2\/users\/26"}],"replies":[{"embeddable":true,"href":"https:\/\/www.cpge-brizeux.fr\/wordpress\/wp-json\/wp\/v2\/comments?post=33366"}],"version-history":[{"count":82,"href":"https:\/\/www.cpge-brizeux.fr\/wordpress\/wp-json\/wp\/v2\/pages\/33366\/revisions"}],"predecessor-version":[{"id":35634,"href":"https:\/\/www.cpge-brizeux.fr\/wordpress\/wp-json\/wp\/v2\/pages\/33366\/revisions\/35634"}],"wp:attachment":[{"href":"https:\/\/www.cpge-brizeux.fr\/wordpress\/wp-json\/wp\/v2\/media?parent=33366"}],"curies":[{"name":"wp","href":"https:\/\/api.w.org\/{rel}","templated":true}]}}