{"id":58,"date":"2015-01-20T09:12:21","date_gmt":"2015-01-20T09:12:21","guid":{"rendered":"http:\/\/www.cpge-brizeux.fr\/wordpress\/?page_id=58"},"modified":"2021-09-13T10:53:34","modified_gmt":"2021-09-13T10:53:34","slug":"salon-des-ecoles","status":"publish","type":"page","link":"https:\/\/www.cpge-brizeux.fr\/wordpress\/salon-des-ecoles","title":{"rendered":"Salon des \u00e9coles"},"content":{"rendered":"<div id=\"main-center-content\">\n<div style=\"text-align: left;\" align=\"center\">\n<p align=\"justify\">Chaque ann\u00e9e, les CPGE Brizeux accueillent le dernier vendredi scolaire de d\u00e9cembre ses anciens \u00e9tudiants issus d&rsquo;une cinquantaine d&rsquo;\u00e9coles d&rsquo;ing\u00e9nieurs pour pr\u00e9senter leur cursus et discuter avec la centaine d&rsquo;\u00e9tudiants des classes pr\u00e9paratoires scientifiques du lyc\u00e9e. Y sont repr\u00e9sent\u00e9es des \u00e9coles sur toutes les grandes banques de concours, civiles comme militaires.<\/p>\n<p><strong>Vous \u00eates \u00e9tudiant en \u00e9cole d&rsquo;ing\u00e9nieur et vous souhaitez pr\u00e9senter votre \u00e9cole lors du forum, contactez nous \u00e0 contact[arobase]cpge-brizeux.fr.<\/strong><\/p>\n<p><a href=\"http:\/\/www.cpge-brizeux.fr\/wordpress\/wp-content\/uploads\/salon_grandes_ecoles.jpg\"><img loading=\"lazy\" decoding=\"async\" class=\"aligncenter wp-image-8825 size-full\" src=\"http:\/\/www.cpge-brizeux.fr\/wordpress\/wp-content\/uploads\/salon_grandes_ecoles.jpg\" alt=\"IMG_0393\" width=\"640\" height=\"480\" srcset=\"https:\/\/www.cpge-brizeux.fr\/wordpress\/wp-content\/uploads\/salon_grandes_ecoles.jpg 640w, https:\/\/www.cpge-brizeux.fr\/wordpress\/wp-content\/uploads\/salon_grandes_ecoles-300x225.jpg 300w\" sizes=\"auto, (max-width: 640px) 100vw, 640px\" \/><\/a><\/p>\n<p><a href=\"http:\/\/www.cpge-brizeux.fr\/wordpress\/wp-content\/uploads\/15628683_10210313040835762_405048040_o.jpg\"><img loading=\"lazy\" decoding=\"async\" class=\"aligncenter wp-image-11256 size-large\" src=\"http:\/\/www.cpge-brizeux.fr\/wordpress\/wp-content\/uploads\/15628683_10210313040835762_405048040_o-1024x768.jpg\" alt=\"15628683_10210313040835762_405048040_o\" width=\"594\" height=\"445\" \/><\/a><\/p>\n<p align=\"justify\">Le salon est pr\u00e9c\u00e9d\u00e9 chaque ann\u00e9e d&rsquo;une conf\u00e9rence donn\u00e9e par des anciens \u00e9l\u00e8ves des CPGE Brizeux sortis depuis plusieurs ann\u00e9es, qui retracent leurs parcours de formation et professionnels.<\/p>\n<p><a href=\"http:\/\/www.cpge-brizeux.fr\/wordpress\/divers\/salons-des-annees-precedentes.html\">Salons pr\u00e9c\u00e9dents<\/a>\n<\/div>\n<\/div>\n","protected":false},"excerpt":{"rendered":"<p>Chaque ann\u00e9e, les CPGE Brizeux accueillent le dernier vendredi scolaire de d\u00e9cembre ses anciens \u00e9tudiants issus d&rsquo;une cinquantaine d&rsquo;\u00e9coles d&rsquo;ing\u00e9nieurs pour pr\u00e9senter leur cursus et discuter avec la centaine d&rsquo;\u00e9tudiants des classes pr\u00e9paratoires scientifiques du lyc\u00e9e. Y sont repr\u00e9sent\u00e9es des&hellip;<\/p>\n<p class=\"more-link-p\"><a class=\"more-link\" href=\"https:\/\/www.cpge-brizeux.fr\/wordpress\/salon-des-ecoles\">Read more &rarr;<\/a><\/p>\n","protected":false},"author":1,"featured_media":0,"parent":0,"menu_order":0,"comment_status":"closed","ping_status":"closed","template":"","meta":{"footnotes":""},"class_list":["post-58","page","type-page","status-publish","hentry"],"_links":{"self":[{"href":"https:\/\/www.cpge-brizeux.fr\/wordpress\/wp-json\/wp\/v2\/pages\/58","targetHints":{"allow":["GET"]}}],"collection":[{"href":"https:\/\/www.cpge-brizeux.fr\/wordpress\/wp-json\/wp\/v2\/pages"}],"about":[{"href":"https:\/\/www.cpge-brizeux.fr\/wordpress\/wp-json\/wp\/v2\/types\/page"}],"author":[{"embeddable":true,"href":"https:\/\/www.cpge-brizeux.fr\/wordpress\/wp-json\/wp\/v2\/users\/1"}],"replies":[{"embeddable":true,"href":"https:\/\/www.cpge-brizeux.fr\/wordpress\/wp-json\/wp\/v2\/comments?post=58"}],"version-history":[{"count":47,"href":"https:\/\/www.cpge-brizeux.fr\/wordpress\/wp-json\/wp\/v2\/pages\/58\/revisions"}],"predecessor-version":[{"id":26001,"href":"https:\/\/www.cpge-brizeux.fr\/wordpress\/wp-json\/wp\/v2\/pages\/58\/revisions\/26001"}],"wp:attachment":[{"href":"https:\/\/www.cpge-brizeux.fr\/wordpress\/wp-json\/wp\/v2\/media?parent=58"}],"curies":[{"name":"wp","href":"https:\/\/api.w.org\/{rel}","templated":true}]}}