{"id":62,"date":"2015-01-20T09:20:24","date_gmt":"2015-01-20T09:20:24","guid":{"rendered":"http:\/\/www.cpge-brizeux.fr\/wordpress\/?page_id=62"},"modified":"2023-07-03T10:53:40","modified_gmt":"2023-07-03T08:53:40","slug":"professeurs","status":"publish","type":"page","link":"https:\/\/www.cpge-brizeux.fr\/wordpress\/professeurs","title":{"rendered":"L&rsquo;\u00e9quipe p\u00e9dagogique"},"content":{"rendered":"<p><strong>Math\u00e9matiques<\/strong><br \/>\nK. COMMAULT, PCSI<br \/>\nM. ROGER, PC<br \/>\nD. ZAROUF, PSI<br \/>\nG. LE BOURHIS, Interrogateur<br \/>\nL. LE GUENNEC, Interrogatrice<br \/>\nA. LE MIGNANT, Interrogatrice<br \/>\nS. MAZURAIS, Interrogateur<br \/>\nS. MOREAU, Interrogateur<br \/>\nF. TYMEN, Interrogateur<\/p>\n<p><strong>Physique<\/strong><br \/>\nS. SMOLEVSKY, PCSI<br \/>\nD. BARO, PC<br \/>\nG. BLOT-TEYSSEDRE, PSI<br \/>\nO. BOINOT, Interrogateur<br \/>\nG. GUILLERME, Interrogateur<br \/>\nJ.-M. CORRE, Interrogateur<\/p>\n<p><strong>Chimie<\/strong><br \/>\nT. RIBEYRE-STECKI, PCSI et PC<br \/>\nG. BLOT-TEYSSEDRE, PSI<br \/>\nC. BERGOT, Interrogatrice<br \/>\nE. MARTINAND-LURIN, Interrogatrice<br \/>\nR. ROUSSEAU, Interrogateur<\/p>\n<p><strong>Informatique<\/strong><br \/>\nV. RAFIK, PCSI et PSI<br \/>\nM. ROGER, PC<br \/>\nD. BARO, TP PC<br \/>\nC. LARNICOL, TP PCSI<br \/>\nF. TYMEN, TP PCSI et PSI<\/p>\n<p><strong>Sciences Industrielles de l&rsquo;Ing\u00e9nieur<\/strong><br \/>\nV. RAFIK, PCSI<br \/>\nM. SALETTE, PSI<\/p>\n<p><strong>Lettres-Philosophie<\/strong><br \/>\nJ. BREHANNIER, Toutes fili\u00e8res<br \/>\nF.-J. BRINCARD, Interrogateur<br \/>\nC. FAVE, Interrogatrice<\/p>\n<p><strong>Langues vivantes<\/strong><br \/>\nA. CHRISTIEN, LV1 Anglais, toutes fili\u00e8res<br \/>\nN. CHARTRAIN, LV2 Allemand, toutes fili\u00e8res<br \/>\nG. EMELYANOFF, LV2 Espagnol, toutes fili\u00e8res<br \/>\nA. BLANC, Anglais, Interrogateur<br \/>\nM. CORNEC, Anglais, Interrogatrice<br \/>\nM. DESPRE, Anglais, Interrogatrice<br \/>\nI. MAUBIAN, Anglais, Interrogatrice<br \/>\nA. MOYOU, Anglais, Interrogateur<br \/>\nM. SEZNEC, Anglais, Interrogatrice<\/p>\n<p><strong>Proviseure<\/strong><br \/>\nR. LE GALL<\/p>\n<p><strong>Proviseure adjointe<\/strong><br \/>\nM. PERON<\/p>\n<p><strong>CPE<\/strong><br \/>\nM.-P. PICHAVANT, PCSI<br \/>\nN. MORVAN, PC et PSI<\/p>\n<p><strong>Technicienne de laboratoire<\/strong><br \/>\nM. DUBRAY<\/p>\n","protected":false},"excerpt":{"rendered":"<p>Math\u00e9matiques K. COMMAULT, PCSI M. ROGER, PC D. ZAROUF, PSI G. LE BOURHIS, Interrogateur L. LE GUENNEC, Interrogatrice A. LE MIGNANT, Interrogatrice S. MAZURAIS, Interrogateur S. MOREAU, Interrogateur F. TYMEN, Interrogateur Physique S. SMOLEVSKY, PCSI D. BARO, PC G. BLOT-TEYSSEDRE,&hellip;<\/p>\n<p class=\"more-link-p\"><a class=\"more-link\" href=\"https:\/\/www.cpge-brizeux.fr\/wordpress\/professeurs\">Read more &rarr;<\/a><\/p>\n","protected":false},"author":1,"featured_media":0,"parent":0,"menu_order":0,"comment_status":"closed","ping_status":"closed","template":"","meta":{"footnotes":""},"class_list":["post-62","page","type-page","status-publish","hentry"],"_links":{"self":[{"href":"https:\/\/www.cpge-brizeux.fr\/wordpress\/wp-json\/wp\/v2\/pages\/62","targetHints":{"allow":["GET"]}}],"collection":[{"href":"https:\/\/www.cpge-brizeux.fr\/wordpress\/wp-json\/wp\/v2\/pages"}],"about":[{"href":"https:\/\/www.cpge-brizeux.fr\/wordpress\/wp-json\/wp\/v2\/types\/page"}],"author":[{"embeddable":true,"href":"https:\/\/www.cpge-brizeux.fr\/wordpress\/wp-json\/wp\/v2\/users\/1"}],"replies":[{"embeddable":true,"href":"https:\/\/www.cpge-brizeux.fr\/wordpress\/wp-json\/wp\/v2\/comments?post=62"}],"version-history":[{"count":69,"href":"https:\/\/www.cpge-brizeux.fr\/wordpress\/wp-json\/wp\/v2\/pages\/62\/revisions"}],"predecessor-version":[{"id":30029,"href":"https:\/\/www.cpge-brizeux.fr\/wordpress\/wp-json\/wp\/v2\/pages\/62\/revisions\/30029"}],"wp:attachment":[{"href":"https:\/\/www.cpge-brizeux.fr\/wordpress\/wp-json\/wp\/v2\/media?parent=62"}],"curies":[{"name":"wp","href":"https:\/\/api.w.org\/{rel}","templated":true}]}}