{"id":78,"date":"2015-01-20T10:26:50","date_gmt":"2015-01-20T10:26:50","guid":{"rendered":"http:\/\/www.cpge-brizeux.fr\/wordpress\/?page_id=78"},"modified":"2025-09-19T19:34:14","modified_gmt":"2025-09-19T17:34:14","slug":"admission","status":"publish","type":"page","link":"https:\/\/www.cpge-brizeux.fr\/wordpress\/admission","title":{"rendered":"Int\u00e9grer nos CPGE"},"content":{"rendered":"<p>Vous souhaitez int\u00e9grer nos classes de CPGE ? Cliquez sur votre profil pour plus d&rsquo;informations !<\/p>\n<div style=\"border: 2px solid; border-radius: 6px; color: #472d83; padding-top: 1px; padding-bottom: 10px; padding-left: 20px; margin: 1px;\">\n<p><b><big><span style=\"color: #472d83;\">Candidatures en PCSI<\/span><\/big><\/b><\/p>\n<ul style=\"color: #472d83; padding-left: 20px; margin-left: 20px;\">\n<li><a href=\"https:\/\/www.cpge-brizeux.fr\/wordpress\/divers\/admission-en-pcsi-pour-les-eleves-de-terminale.html\">El\u00e8ve de terminale en France<\/a><\/li>\n<li><a href=\"https:\/\/www.cpge-brizeux.fr\/wordpress\/divers\/admission-en-pcsi-pour-les-eleves-de-terminale-etrangere.html\">El\u00e8ve de terminale \u00e0 l&rsquo;\u00e9tranger<\/a><\/li>\n<li><a href=\"https:\/\/www.cpge-brizeux.fr\/wordpress\/divers\/admission-en-pcsi-pour-les-eleves-du-superieur-en-france.html\">El\u00e8ve du sup\u00e9rieur en France<\/a><\/li>\n<li><a href=\"https:\/\/www.cpge-brizeux.fr\/wordpress\/divers\/admission-en-pcsi-pour-les-eleves-du-superieur-a-letranger.html\">El\u00e8ve du sup\u00e9rieur \u00e0 l&rsquo;\u00e9tranger<\/a><\/li>\n<li><a href=\"https:\/\/www.cpge-brizeux.fr\/wordpress\/wp-content\/uploads\/rapport-public-CPGE-2022.pdf\">Rapport public Parcoursup 2022<\/a><\/li>\n<li><a href=\"https:\/\/www.cpge-brizeux.fr\/wordpress\/wp-content\/uploads\/CPGE_Brizeux_Rapport_public_Parcoursup_2023.pdf\">Rapport public Parcoursup 2023<\/a><\/li>\n<li><a href=\"https:\/\/www.cpge-brizeux.fr\/wordpress\/wp-content\/uploads\/rapport-public-2024.pdf\">Rapport public Parcoursup 2024<\/a><\/li>\n<li><a href=\"https:\/\/www.cpge-brizeux.fr\/wordpress\/wp-content\/uploads\/Rapport_public_Parcoursup_CPGE_Brizeux_2025.pdf\">Rapport public Parcoursup 2025<\/a><\/li>\n<\/ul>\n<\/div>\n<div style=\"border: 2px solid; border-radius: 6px; color: #472d83; padding-top: 1px; padding-bottom: 10px; padding-left: 20px; margin: 1px;\">\n<p><b><big><span style=\"color: #472d83;\">Candidatures en PC ou PSI<\/span><\/big><\/b><\/p>\n<ul style=\"color: #472d83; padding-left: 20px; margin-left: 20px;\">\n<li><a href=\"https:\/\/www.cpge-brizeux.fr\/wordpress\/divers\/admission-en-pc-ou-en-psi-32.html\">Candidature apr\u00e8s une premi\u00e8re ann\u00e9e<\/a><\/li>\n<li><a href=\"https:\/\/www.cpge-brizeux.fr\/wordpress\/divers\/admission-en-pc-ou-en-psi-en-5-2.html\">Candidature apr\u00e8s une deuxi\u00e8me ann\u00e9e<\/a><\/li>\n<\/ul>\n<\/div>\n<div style=\"border: 2px solid; border-radius: 6px; color: #472d83; padding-top: 1px; padding-bottom: 10px; padding-left: 20px; margin: 1px;\">\n<p><b><big><span style=\"color: #472d83;\">Inscriptions<\/span><\/big><\/b><\/p>\n<ul style=\"color: #472d83; padding-left: 20px; margin-left: 20px;\">\n<li><a href=\"https:\/\/www.cpge-brizeux.fr\/wordpress\/divers\/inscription-en-pcsi.html\">Inscription administrative en PCSI<\/a><\/li>\n<li><a href=\"https:\/\/www.cpge-brizeux.fr\/wordpress\/divers\/inscription-en-pc-ou-psi.html\">Inscription administrative en PC ou PSI<\/a><\/li>\n<li><a href=\"https:\/\/www.cpge-brizeux.fr\/wordpress\/wp-content\/uploads\/Dossier_inscription_internat_CPGE_Brizeux_2025_2026.pdf\">Dossier d&rsquo;inscription \u00e0 l&rsquo;internat<\/a><\/li>\n<\/ul>\n<\/div>\n","protected":false},"excerpt":{"rendered":"<p>Vous souhaitez int\u00e9grer nos classes de CPGE ? Cliquez sur votre profil pour plus d&rsquo;informations ! Candidatures en PCSI El\u00e8ve de terminale en France El\u00e8ve de terminale \u00e0 l&rsquo;\u00e9tranger El\u00e8ve du sup\u00e9rieur en France El\u00e8ve du sup\u00e9rieur \u00e0 l&rsquo;\u00e9tranger Rapport&hellip;<\/p>\n<p class=\"more-link-p\"><a class=\"more-link\" href=\"https:\/\/www.cpge-brizeux.fr\/wordpress\/admission\">Read more &rarr;<\/a><\/p>\n","protected":false},"author":1,"featured_media":0,"parent":0,"menu_order":0,"comment_status":"closed","ping_status":"closed","template":"","meta":{"footnotes":""},"class_list":["post-78","page","type-page","status-publish","hentry"],"_links":{"self":[{"href":"https:\/\/www.cpge-brizeux.fr\/wordpress\/wp-json\/wp\/v2\/pages\/78","targetHints":{"allow":["GET"]}}],"collection":[{"href":"https:\/\/www.cpge-brizeux.fr\/wordpress\/wp-json\/wp\/v2\/pages"}],"about":[{"href":"https:\/\/www.cpge-brizeux.fr\/wordpress\/wp-json\/wp\/v2\/types\/page"}],"author":[{"embeddable":true,"href":"https:\/\/www.cpge-brizeux.fr\/wordpress\/wp-json\/wp\/v2\/users\/1"}],"replies":[{"embeddable":true,"href":"https:\/\/www.cpge-brizeux.fr\/wordpress\/wp-json\/wp\/v2\/comments?post=78"}],"version-history":[{"count":181,"href":"https:\/\/www.cpge-brizeux.fr\/wordpress\/wp-json\/wp\/v2\/pages\/78\/revisions"}],"predecessor-version":[{"id":36596,"href":"https:\/\/www.cpge-brizeux.fr\/wordpress\/wp-json\/wp\/v2\/pages\/78\/revisions\/36596"}],"wp:attachment":[{"href":"https:\/\/www.cpge-brizeux.fr\/wordpress\/wp-json\/wp\/v2\/media?parent=78"}],"curies":[{"name":"wp","href":"https:\/\/api.w.org\/{rel}","templated":true}]}}