{"id":8521,"date":"2016-09-03T13:45:39","date_gmt":"2016-09-03T13:45:39","guid":{"rendered":"http:\/\/www.cpge-brizeux.fr\/wordpress\/?page_id=8521"},"modified":"2021-09-02T19:45:27","modified_gmt":"2021-09-02T19:45:27","slug":"notre-ambition","status":"publish","type":"page","link":"https:\/\/www.cpge-brizeux.fr\/wordpress\/notre-ambition","title":{"rendered":"Notre ambition"},"content":{"rendered":"<h3 class=\"western\"><span style=\"font-size: medium;\">Des classes pr\u00e9pas de proximit\u00e9<\/span><\/h3>\n<p align=\"justify\"><a href=\"http:\/\/www.cpge-brizeux.fr\/wordpress\/wp-content\/uploads\/4.jpg\"><img loading=\"lazy\" decoding=\"async\" class=\"aligncenter wp-image-8802 size-large\" src=\"http:\/\/www.cpge-brizeux.fr\/wordpress\/wp-content\/uploads\/4-1024x576.jpg\" alt=\"4\" width=\"594\" height=\"334\" \/><\/a><\/p>\n<p align=\"justify\">Quels que soient le niveau et les ambitions de nos \u00e9tudiants, nous leur donnons les moyens d\u2019atteindre leur objectif, et la quasi-totalit\u00e9 y parvient en deux ou trois ans. Nous attachons une importance particuli\u00e8re \u00e0 la r\u00e9ussite de tous nos \u00e9l\u00e8ves en encourageant les plus fragiles mais aussi en pla\u00e7ant la barre tr\u00e8s haute pour ceux qui ont des facilit\u00e9s. A condition de fournir un travail r\u00e9gulier la r\u00e9ussite est n\u00e9cessairement au bout du chemin.<\/p>\n<h3 class=\"western\"><a name=\"__RefHeading__836_986295353\"><\/a><span style=\"font-size: medium;\">Int\u00e9grer une \u00e9cole d&rsquo;ing\u00e9nieurs \u00e0 la hauteur de ses ambitions<\/span><\/h3>\n<p align=\"justify\">Les <a href=\"http:\/\/www.cpge-brizeux.fr\/wordpress\/resultats\">r\u00e9sultats<\/a> de nos \u00e9tudiants sont \u00e0 la hauteur de leur investissement et de leurs ambitions\u00a0: la t\u00eate de classe int\u00e8gre des \u00e9coles prestigieuses (ENS, Centrale, Mines, \u2026) et tous ceux qui se pr\u00e9sentent aux concours acc\u00e8dent aux \u00e9tablissements des banques d\u2019\u00e9coles CCINP (ex CCP) ou e3a-Polytech.<\/p>\n<p align=\"justify\">Les ann\u00e9es pass\u00e9es en classes pr\u00e9paratoires sont reconnues \u00e0 l\u2019\u00e9chelle europ\u00e9enne comme \u00e9quivalentes au niveau Licence 1 pour la premi\u00e8re ann\u00e9e et Licence 2 pour la deuxi\u00e8me ann\u00e9e\u00a0; certains \u00e9tudiants choisissent ainsi de poursuivre leurs \u00e9tudes en Licence 3 \u00e0 l\u2019Universit\u00e9 afin d\u2019acc\u00e9der, par exemple, aux m\u00e9tiers de l\u2019enseignement.<\/p>\n<h3 class=\"western\"><a name=\"__RefHeading__838_986295353\"><\/a><span style=\"font-size: medium;\">Notre engagement<\/span><\/h3>\n<p align=\"justify\"><a href=\"http:\/\/www.cpge-brizeux.fr\/wordpress\/wp-content\/uploads\/3.jpg\"><img loading=\"lazy\" decoding=\"async\" class=\"aligncenter wp-image-8800 size-large\" src=\"http:\/\/www.cpge-brizeux.fr\/wordpress\/wp-content\/uploads\/3-1024x576.jpg\" alt=\"3\" width=\"594\" height=\"334\" \/><\/a><\/p>\n<p align=\"justify\">Durant deux ann\u00e9es les \u00e9tudiants vont apprendre la gestion du temps et des priorit\u00e9s, apprendre \u00e0 assimiler et restituer des connaissances structur\u00e9es en tr\u00e8s peu de temps\u00a0: autant de comp\u00e9tences actuellement tr\u00e8s recherch\u00e9es dans le monde du travail. C&rsquo;est parfois tr\u00e8s d\u00e9stabilisant, et il est important de se sentir encourag\u00e9 dans cet apprentissage, c&rsquo;est pourquoi l&rsquo;accompagnement individualis\u00e9 est au c\u0153ur du fonctionnement des classes pr\u00e9paratoires du lyc\u00e9e Brizeux.<\/p>\n<p align=\"justify\"><strong>Les professeurs sont quasiment tous membres des jurys de concours sur les principales banques d\u2019\u00e9preuves (Centrale-Sup\u00e9lec, Mines-Ponts, CCINP et e3a-Polytech).<\/strong><\/p>\n<p align=\"justify\">Le <a href=\"http:\/\/www.cpge-brizeux.fr\/wordpress\/salon-des-ecoles\">salon des grandes \u00e9coles<\/a> permet aux \u00e9tudiants de construire leur projet d&rsquo;orientation post-CPGE, en \u00e9changeant avec les alumnis des CPGE Brizeux.<\/p>\n<p align=\"justify\">Diverses actions sont propos\u00e9es aux futurs \u00e9tudiants\u00a0afin de leur permettre de construire leur projet d\u2019\u00e9tudes post-bac\u00a0:<\/p>\n<ul>\n<li>\n<p align=\"justify\"><a href=\"http:\/\/www.cpge-brizeux.fr\/wordpress\/salon-des-ecoles\">le salon des grandes \u00e9coles<\/a><\/p>\n<\/li>\n<li><a href=\"http:\/\/www.cpge-brizeux.fr\/wordpress\/portes-ouvertes\">les journ\u00e9es portes ouvertes<\/a> de la CPGE<\/li>\n<li>\n<p align=\"justify\">les s\u00e9quences d\u2019immersion d&rsquo;\u00e9l\u00e8ves de 1\u00e8re et de terminale<\/p>\n<\/li>\n<\/ul>\n","protected":false},"excerpt":{"rendered":"<p>Des classes pr\u00e9pas de proximit\u00e9 Quels que soient le niveau et les ambitions de nos \u00e9tudiants, nous leur donnons les moyens d\u2019atteindre leur objectif, et la quasi-totalit\u00e9 y parvient en deux ou trois ans. Nous attachons une importance particuli\u00e8re \u00e0&hellip;<\/p>\n<p class=\"more-link-p\"><a class=\"more-link\" href=\"https:\/\/www.cpge-brizeux.fr\/wordpress\/notre-ambition\">Read more &rarr;<\/a><\/p>\n","protected":false},"author":5,"featured_media":0,"parent":0,"menu_order":0,"comment_status":"closed","ping_status":"closed","template":"","meta":{"footnotes":""},"class_list":["post-8521","page","type-page","status-publish","hentry"],"_links":{"self":[{"href":"https:\/\/www.cpge-brizeux.fr\/wordpress\/wp-json\/wp\/v2\/pages\/8521","targetHints":{"allow":["GET"]}}],"collection":[{"href":"https:\/\/www.cpge-brizeux.fr\/wordpress\/wp-json\/wp\/v2\/pages"}],"about":[{"href":"https:\/\/www.cpge-brizeux.fr\/wordpress\/wp-json\/wp\/v2\/types\/page"}],"author":[{"embeddable":true,"href":"https:\/\/www.cpge-brizeux.fr\/wordpress\/wp-json\/wp\/v2\/users\/5"}],"replies":[{"embeddable":true,"href":"https:\/\/www.cpge-brizeux.fr\/wordpress\/wp-json\/wp\/v2\/comments?post=8521"}],"version-history":[{"count":18,"href":"https:\/\/www.cpge-brizeux.fr\/wordpress\/wp-json\/wp\/v2\/pages\/8521\/revisions"}],"predecessor-version":[{"id":25818,"href":"https:\/\/www.cpge-brizeux.fr\/wordpress\/wp-json\/wp\/v2\/pages\/8521\/revisions\/25818"}],"wp:attachment":[{"href":"https:\/\/www.cpge-brizeux.fr\/wordpress\/wp-json\/wp\/v2\/media?parent=8521"}],"curies":[{"name":"wp","href":"https:\/\/api.w.org\/{rel}","templated":true}]}}